{"id":8,"date":"2016-08-23T14:13:44","date_gmt":"2016-08-23T14:13:44","guid":{"rendered":"https:\/\/milchcafe-radermacher.de\/?page_id=8"},"modified":"2018-06-23T16:37:29","modified_gmt":"2018-06-23T16:37:29","slug":"start","status":"publish","type":"page","link":"https:\/\/milchcafe-radermacher.de\/","title":{"rendered":"Start"},"content":{"rendered":"<div id=\"pl-8\"  class=\"panel-layout\" ><div id=\"pg-8-0\"  class=\"panel-grid panel-has-style\" ><div class=\"siteorigin-panels-stretch kt-panel-row-stretch panel-row-style panel-row-style-for-8-0\" style=\"visibility: hidden;\" data-stretch-type=\"full\" ><div id=\"pgc-8-0-0\"  class=\"panel-grid-cell panel-grid-cell-empty\" ><\/div><div id=\"pgc-8-0-1\"  class=\"panel-grid-cell\" ><div id=\"panel-8-0-1-0\" class=\"so-panel widget widget_black-studio-tinymce widget_black_studio_tinymce panel-first-child panel-last-child\" data-index=\"0\" ><div class=\"textwidget\"><p style=\"text-align: center;\"><img loading=\"lazy\" decoding=\"async\" class=\"nord wp-image-46 size-full aligncenter\" src=\"https:\/\/milchcafe-radermacher.de\/wp-content\/uploads\/2016\/08\/Rademacher_Nordrheinwestfalen.png\" alt=\"Rademacher_Nordrheinwestfalen\" width=\"100\" height=\"100\" srcset=\"https:\/\/milchcafe-radermacher.de\/wp-content\/uploads\/2016\/08\/Rademacher_Nordrheinwestfalen.png 100w, https:\/\/milchcafe-radermacher.de\/wp-content\/uploads\/2016\/08\/Rademacher_Nordrheinwestfalen-60x60.png 60w\" sizes=\"auto, (max-width: 100px) 100vw, 100px\" \/><\/p>\n<\/div><\/div><\/div><div id=\"pgc-8-0-2\"  class=\"panel-grid-cell\" ><div id=\"panel-8-0-2-0\" class=\"so-panel widget widget_black-studio-tinymce widget_black_studio_tinymce panel-first-child panel-last-child\" data-index=\"1\" ><div class=\"textwidget\"><p style=\"text-align: center;\"><img loading=\"lazy\" decoding=\"async\" class=\"gentech wp-image-49 size-full aligncenter\" src=\"https:\/\/milchcafe-radermacher.de\/wp-content\/uploads\/2016\/08\/Rademacher_Milch_Ohne_Gentechnik_100.png\" alt=\"Rademacher_Milch_Ohne_Gentechnik_100\" width=\"100\" height=\"100\" srcset=\"https:\/\/milchcafe-radermacher.de\/wp-content\/uploads\/2016\/08\/Rademacher_Milch_Ohne_Gentechnik_100.png 100w, https:\/\/milchcafe-radermacher.de\/wp-content\/uploads\/2016\/08\/Rademacher_Milch_Ohne_Gentechnik_100-60x60.png 60w\" sizes=\"auto, (max-width: 100px) 100vw, 100px\" \/><\/p>\n<\/div><\/div><\/div><div id=\"pgc-8-0-3\"  class=\"panel-grid-cell panel-grid-cell-mobile-last\" ><div id=\"panel-8-0-3-0\" class=\"so-panel widget widget_black-studio-tinymce widget_black_studio_tinymce panel-first-child panel-last-child\" data-index=\"2\" ><div class=\"textwidget\"><p style=\"text-align: center;\"><img loading=\"lazy\" decoding=\"async\" class=\"bee wp-image-50 size-full aligncenter\" src=\"https:\/\/milchcafe-radermacher.de\/wp-content\/uploads\/2016\/08\/Rademacher_Bee_Friendly_100.png\" alt=\"Rademacher_Bee_Friendly_100\" width=\"100\" height=\"100\" srcset=\"https:\/\/milchcafe-radermacher.de\/wp-content\/uploads\/2016\/08\/Rademacher_Bee_Friendly_100.png 100w, https:\/\/milchcafe-radermacher.de\/wp-content\/uploads\/2016\/08\/Rademacher_Bee_Friendly_100-60x60.png 60w\" sizes=\"auto, (max-width: 100px) 100vw, 100px\" \/><\/p>\n<\/div><\/div><\/div><div id=\"pgc-8-0-4\"  class=\"panel-grid-cell panel-grid-cell-empty\" ><\/div><\/div><\/div><div id=\"pg-8-1\"  class=\"panel-grid panel-has-style\" ><div class=\"panel-widget-style panel-row-style panel-row-style-for-8-1\" ><div id=\"pgc-8-1-0\"  class=\"panel-grid-cell\" ><div id=\"panel-8-1-0-0\" class=\"so-panel widget widget_black-studio-tinymce widget_black_studio_tinymce panel-first-child panel-last-child\" data-index=\"3\" ><div class=\"textwidget\"><h1 style=\"text-align: center;\"><span style=\"color: #007517;\">Unsere Milch wird nach<\/span><br \/><span style=\"color: #007517;\"> Sternenfair Kriterien produziert<\/span><\/h1>\n<\/div><\/div><\/div><\/div><\/div><div id=\"pg-8-2\"  class=\"panel-grid panel-has-style\" ><div class=\"siteorigin-panels-stretch kt-panel-row-parallax-stellar kt-panel-row-stretch panel-widget-style panel-row-style panel-row-style-for-8-2\" style=\"background-image: url(https:\/\/milchcafe-radermacher.de\/wp-content\/uploads\/2016\/08\/bk_sternenfair_2.jpg);background-position: center bottom;visibility: hidden;\" data-stretch-type=\"full\" data-stellar-background-ratio=\"0.5\" ><div id=\"pgc-8-2-0\"  class=\"panel-grid-cell\" ><div id=\"panel-8-2-0-0\" class=\"so-panel widget widget_black-studio-tinymce widget_black_studio_tinymce panel-first-child panel-last-child\" data-index=\"4\" ><div class=\"textwidget\"><p>\u00a0<\/p>\n<p><img loading=\"lazy\" decoding=\"async\" class=\"aligncenter size-medium wp-image-64\" src=\"https:\/\/milchcafe-radermacher.de\/wp-content\/uploads\/2016\/08\/sternenfair-logo-300x184.png\" alt=\"sternenfair-logo\" width=\"300\" height=\"184\" srcset=\"https:\/\/milchcafe-radermacher.de\/wp-content\/uploads\/2016\/08\/sternenfair-logo-300x184.png 300w, https:\/\/milchcafe-radermacher.de\/wp-content\/uploads\/2016\/08\/sternenfair-logo.png 724w\" sizes=\"auto, (max-width: 300px) 100vw, 300px\" \/><\/p>\n<h3 style=\"text-align: center;\"><span style=\"color: #808080;\"><strong>5-Sterne-Philosophie<\/strong><\/span><\/h3>\n<\/div><\/div><\/div><div id=\"pgc-8-2-1\"  class=\"panel-grid-cell\" ><div id=\"panel-8-2-1-0\" class=\"so-panel widget widget_black-studio-tinymce widget_black_studio_tinymce panel-first-child panel-last-child\" data-index=\"5\" ><div class=\"panel-widget-style panel-widget-style-for-8-2-1-0\" ><div class=\"textwidget\"><section>\n<div class=\"col12 push0\">\n<p style=\"text-align: justify;\"><em>Zum guten Geschmack unserer Milch tr\u00e4gt neben der urspr\u00fcnglichen, gr\u00fcnlandbetonten F\u00fctterung der Milchk\u00fche auch der faire,<br \/> regionale und nachhaltige Wertsch\u00f6pfungsprozess bei - von den Bienen bis zum Endverbraucher.<\/em><\/p>\n<p style=\"text-align: justify;\"><em>Wir haben es uns zur Aufgabe gemacht einen Beitrag zum Erhalt der Natur und Umwelt zu leisten:<br \/> Das sinnvolle Tun in Verantwortung f\u00fcr nachfolgende Generationen.<\/em><\/p>\n<h5 style=\"text-align: justify;\"><span style=\"color: #7dc33f;\"><strong><span style=\"color: #ffffff;\">Aus diesen \u00dcberlegungen heraus ist unsere<br \/> 5-Sterne-Philosophie entstanden<\/span><\/strong><\/span><\/h5>\n<h5 style=\"text-align: justify;\"><span style=\"color: #7dc33f;\"><strong><a href=\"https:\/\/milchcafe-radermacher.de\/sternenfair\/\" target=\"_blank\"><span style=\"color: #ffffff;\"><span style=\"color: #007517;\">... erfahren Sie mehr ...<\/span><\/span><\/a><br \/> <\/strong><\/span><\/h5>\n<p style=\"text-align: justify;\">\u00a0<\/p>\n<\/div>\n<\/section>\n<\/div><\/div><\/div><\/div><\/div><\/div><div id=\"pg-8-3\"  class=\"panel-grid panel-has-style\" ><div class=\"siteorigin-panels-stretch kt-panel-row-parallax-stellar kt-panel-row-stretch panel-widget-style panel-row-style panel-row-style-for-8-3\" style=\"background-image: url(https:\/\/milchcafe-radermacher.de\/wp-content\/uploads\/2016\/08\/radermacher_milchautomat.jpg);background-position: center top;visibility: hidden;\" data-stretch-type=\"full\" data-stellar-background-ratio=\"0.5\" ><div id=\"pgc-8-3-0\"  class=\"panel-grid-cell\" ><div id=\"panel-8-3-0-0\" class=\"so-panel widget widget_black-studio-tinymce widget_black_studio_tinymce panel-first-child panel-last-child\" data-index=\"6\" ><div class=\"textwidget\"><h1 style=\"text-align: center;\"><strong><span style=\"color: #ffffff;\">T\u00e4glich frische Weidemilch<\/span><\/strong><\/h1>\n<h1 style=\"text-align: center;\"><strong><span style=\"color: #ffffff;\">zum selber zapfen aus unserem Milchautomaten!<\/span><\/strong><\/h1>\n<\/div><\/div><\/div><\/div><\/div><div id=\"pg-8-4\"  class=\"panel-grid panel-has-style\" ><div class=\"siteorigin-panels-stretch kt-panel-row-stretch panel-widget-style panel-row-style panel-row-style-for-8-4\" style=\"visibility: hidden;\" data-stretch-type=\"full\" ><div id=\"pgc-8-4-0\"  class=\"panel-grid-cell\" ><div id=\"panel-8-4-0-0\" class=\"so-panel widget widget_black-studio-tinymce widget_black_studio_tinymce panel-first-child panel-last-child\" data-index=\"7\" ><div class=\"textwidget\"><h2 style=\"text-align: center;\"><\/h2>\n<h2 style=\"text-align: center;\">Unsere frische Milch finden Sie hier:<\/h2>\n<h4 style=\"text-align: center;\"><span style=\"color: #339966;\">Raerener Stra\u00dfe 241, 52076 Aachen<\/span><\/h4>\n<p style=\"text-align: center;\"><a href=\"https:\/\/www.google.com\/maps\/place\/Raerener+Str.+241,+52076+Aachen\" target=\"_blank\" rel=\"noopener\">Google Maps \u00f6ffnen \t\t\t<i class=\"kt-icon-newtab \" style=\"font-size:14px; display=inline-block; color:#878787; \t\t\t\"><\/i>\n\t<\/a><\/p>\n<\/div><\/div><\/div><\/div><\/div><\/div>","protected":false},"excerpt":{"rendered":"<p>Unsere Milch wird nach Sternenfair Kriterien produziert<\/p>\n","protected":false},"author":2,"featured_media":0,"parent":0,"menu_order":0,"comment_status":"closed","ping_status":"closed","template":"template-pagebuilder.php","meta":{"footnotes":""},"class_list":["post-8","page","type-page","status-publish","hentry"],"_links":{"self":[{"href":"https:\/\/milchcafe-radermacher.de\/index.php?rest_route=\/wp\/v2\/pages\/8","targetHints":{"allow":["GET"]}}],"collection":[{"href":"https:\/\/milchcafe-radermacher.de\/index.php?rest_route=\/wp\/v2\/pages"}],"about":[{"href":"https:\/\/milchcafe-radermacher.de\/index.php?rest_route=\/wp\/v2\/types\/page"}],"author":[{"embeddable":true,"href":"https:\/\/milchcafe-radermacher.de\/index.php?rest_route=\/wp\/v2\/users\/2"}],"replies":[{"embeddable":true,"href":"https:\/\/milchcafe-radermacher.de\/index.php?rest_route=%2Fwp%2Fv2%2Fcomments&post=8"}],"version-history":[{"count":122,"href":"https:\/\/milchcafe-radermacher.de\/index.php?rest_route=\/wp\/v2\/pages\/8\/revisions"}],"predecessor-version":[{"id":323,"href":"https:\/\/milchcafe-radermacher.de\/index.php?rest_route=\/wp\/v2\/pages\/8\/revisions\/323"}],"wp:attachment":[{"href":"https:\/\/milchcafe-radermacher.de\/index.php?rest_route=%2Fwp%2Fv2%2Fmedia&parent=8"}],"curies":[{"name":"wp","href":"https:\/\/api.w.org\/{rel}","templated":true}]}}