{"id":162,"date":"2016-09-04T15:32:02","date_gmt":"2016-09-04T15:32:02","guid":{"rendered":"https:\/\/milchcafe-radermacher.de\/?page_id=162"},"modified":"2016-09-19T16:04:27","modified_gmt":"2016-09-19T16:04:27","slug":"sternenfair","status":"publish","type":"page","link":"https:\/\/milchcafe-radermacher.de\/?page_id=162","title":{"rendered":"Sternenfair"},"content":{"rendered":"<div id=\"pl-162\"  class=\"panel-layout\" ><div id=\"pg-162-0\"  class=\"panel-grid panel-has-style\" ><div class=\"siteorigin-panels-stretch kt-panel-row-stretch panel-row-style panel-row-style-for-162-0\" style=\"visibility: hidden;\" data-stretch-type=\"full\" ><div id=\"pgc-162-0-0\"  class=\"panel-grid-cell\" ><div id=\"panel-162-0-0-0\" class=\"so-panel widget widget_black-studio-tinymce widget_black_studio_tinymce panel-first-child panel-last-child\" data-index=\"0\" ><div class=\"textwidget\"><h3><img loading=\"lazy\" decoding=\"async\" class=\"aligncenter size-medium wp-image-64\" src=\"https:\/\/milchcafe-radermacher.de\/wp-content\/uploads\/2016\/08\/sternenfair-logo-300x184.png\" alt=\"sternenfair-logo\" width=\"300\" height=\"184\" srcset=\"https:\/\/milchcafe-radermacher.de\/wp-content\/uploads\/2016\/08\/sternenfair-logo-300x184.png 300w, https:\/\/milchcafe-radermacher.de\/wp-content\/uploads\/2016\/08\/sternenfair-logo.png 724w\" sizes=\"auto, (max-width: 300px) 100vw, 300px\" \/><\/h3>\n<h3>Unsere Milch wird nach Sternenfair Kriterien produziert.<\/h3>\n<h4><span style=\"color: #339966;\">Fairness, Qualit\u00e4t und Transparenz<\/span><\/h4>\n<p>\u00a0<\/p>\n<ul>\n<li>Angemessener Milchpreis f\u00fcr unsere Landwirte.<\/li>\n<li>Tiergerechte Haltung und wiederk\u00e4uergerechte F\u00fctterung der Milchk\u00fche.<\/li>\n<li>Wertvolle Inhaltsstoffe f\u00fcr die Gesundheit der Verbraucher.<\/li>\n<\/ul>\n<h5>\u00a0<\/h5>\n<h5>Zur hohen Qualit\u00e4t der sternenfair-Milch tragen viele Faktoren bei.<\/h5>\n<p>Dazu geh\u00f6ren unter anderem:<\/p>\n<ul>\n<li>\u00dcber 60 % Gr\u00fcnfutteranteil f\u00fcr die Milchk\u00fche.<\/li>\n<li>Milch wird in der auf der Verpackung angegebenen Region gemolken.<\/li>\n<\/ul>\n<p>\u00a0<\/p>\n<p><span style=\"color: #339966;\"><strong><em>Wir finden, dass Transparenz in einem auf Nachhaltigkeit ausgelegten Konzept besonders wichtig ist.<\/em><\/strong><\/span><\/p>\n<p><strong>Nur so hat Vertrauen Bestand. Darum legen wir den Verbrauchern gegen\u00fcber insbesondere folgende Fakten offen:<\/strong><\/p>\n<ul>\n<li>Den genauen Preis, den unsere Erzeuger von uns erhalten:<br \/> mindestens 40 Cent je Liter sternenfair-Milch.<\/li>\n<li>Unsere Milchbauern stellen sich Ihnen pers\u00f6nlich vor.<\/li>\n<li>Die Landwirte belegen die Daten zur F\u00fctterung und zur Stickstoff-Bilanz.<\/li>\n<\/ul>\n<p>\u00a0<\/p>\n<\/div><\/div><\/div><\/div><\/div><div id=\"pg-162-1\"  class=\"panel-grid panel-has-style\" ><div class=\"siteorigin-panels-stretch kt-panel-row-stretch panel-widget-style panel-row-style panel-row-style-for-162-1\" style=\"visibility: hidden;\" data-stretch-type=\"full\" ><div id=\"pgc-162-1-0\"  class=\"panel-grid-cell\" ><div id=\"panel-162-1-0-0\" class=\"so-panel widget widget_black-studio-tinymce widget_black_studio_tinymce panel-first-child panel-last-child\" data-index=\"1\" ><div class=\"panel-widget-style panel-widget-style-for-162-1-0-0\" ><div class=\"textwidget\"><p>\u00a0<\/p>\n<p style=\"text-align: center;\"><img loading=\"lazy\" decoding=\"async\" class=\"aligncenter size-full wp-image-261\" src=\"https:\/\/milchcafe-radermacher.de\/wp-content\/uploads\/2016\/09\/Rademacher_Milch_Ohne_Gentechnik_200.png\" alt=\"rademacher_milch_ohne_gentechnik_200\" width=\"221\" height=\"221\" srcset=\"https:\/\/milchcafe-radermacher.de\/wp-content\/uploads\/2016\/09\/Rademacher_Milch_Ohne_Gentechnik_200.png 221w, https:\/\/milchcafe-radermacher.de\/wp-content\/uploads\/2016\/09\/Rademacher_Milch_Ohne_Gentechnik_200-150x150.png 150w, https:\/\/milchcafe-radermacher.de\/wp-content\/uploads\/2016\/09\/Rademacher_Milch_Ohne_Gentechnik_200-60x60.png 60w\" sizes=\"auto, (max-width: 221px) 100vw, 221px\" \/><\/p>\n<h3 style=\"text-align: center;\"><span style=\"color: #ffffff;\">Alle Produkte sind zertifiziert ohne Gentechnik<\/span><\/h3>\n<p style=\"text-align: center;\">Das externe Pr\u00fcfinstitut Lacon GmbH kontrolliert und zertifiziert alle Landwirte, die MVS Milchvermarktung und die sternenfair-produzierenden Molkereien. Parallel werden die beteiligten Landwirte auf die Einhaltung aller sternenfair-Produktionsrichtlinien gepr\u00fcft.<\/p>\n<p>\u00a0<\/p>\n<\/div><\/div><\/div><\/div><\/div><\/div><div id=\"pg-162-2\"  class=\"panel-grid panel-has-style\" ><div class=\"siteorigin-panels-stretch kt-panel-row-stretch panel-row-style panel-row-style-for-162-2\" style=\"visibility: hidden;\" data-stretch-type=\"full\" ><div id=\"pgc-162-2-0\"  class=\"panel-grid-cell\" ><div id=\"panel-162-2-0-0\" class=\"so-panel widget widget_black-studio-tinymce widget_black_studio_tinymce panel-first-child panel-last-child\" data-index=\"2\" ><div class=\"textwidget\"><p>\u00a0<\/p>\n<h5>Unsere vorgeschriebenen Qualit\u00e4tsrichtlinien bei der F\u00fctterung sind:<\/h5>\n<ul>\n<li>Mind. 60 % Gr\u00fcnlandanteil der Futterfl\u00e4che<\/li>\n<li>Max. 30 % Maisanteil in der Ration<\/li>\n<li>Kraftfutterbegrenzung auf 1.500 kg pro Kuh und Jahr<\/li>\n<li>Futtermittel ohne Gentechnik<\/li>\n<li>Keine Futtermittel aus \u00dcbersee<\/li>\n<li>Verbot des als Leistungsf\u00f6rderer in Verruf geratenen Medikaments Kexxtone (Monensin)<\/li>\n<\/ul>\n<p>\u00a0<\/p>\n<h5>Pr\u00e4mierung<\/h5>\n<p>Um die Erfolge der Konzeptrichtlinien darstellen zu k\u00f6nnen, stellen uns die Betriebe ihre Daten zur Verf\u00fcgung. Ausgewertet werden die N\u00e4hrstoffbilanz des Betriebes, die Lebensdauer der Herde, Tiergesundheit, Grundfutterleistung und der Omega-3-Fetts\u00e4urengehalt in der Milch, welcher positiv durch hohen Gr\u00fcnfutteranteil beeinflusst wird.<br \/> Die besten sternenfair-Milcherzeuger werden j\u00e4hrlich ausgezeichnet!<\/p>\n<h5><div class=\"kad-spacer clearfix\" style=\"height:20px\"><\/div> Nachhaltigkeit<\/h5>\n<p>Nachhaltigkeit steht f\u00fcr das harmonische Zusammenspiel umweltbezogener, wirtschaftlicher und sozialer Faktoren.<br \/> Wie setzt sternenfair-Milch dies um?<\/p>\n<ol>\n<li>Aktiver Umweltschutz<\/li>\n<li>Wirtschaftliche Balance: fairer Milchpreis f\u00fcr Erzeuger und Verbraucher<\/li>\n<li>Sozial bedeutet f\u00fcr uns, dass alle, die an der sternenfair-Nachhaltigkeitskette beteiligt sind, von unserem Konzept profitieren.<\/li>\n<\/ol>\n<h5><div class=\"kad-spacer clearfix\" style=\"height:20px\"><\/div><\/h5>\n<h5>Bienenfreundlichkeit<\/h5>\n<p>\u00a0<\/p>\n<p>lesen Sie mehr: <a href=\"http:\/\/www.sternenfair.de\">www.sternenfair.de<\/a><\/p>\n<\/div><\/div><\/div><\/div><\/div><\/div>","protected":false},"excerpt":{"rendered":"<p>Unsere Milch wird nach Sternenfair Kriterien produziert.Fairness, Qualit\u00e4t und Transparenz\u00a0Angemessener Milchpreis f\u00fcr unsere Landwirte.Tiergerechte Haltung und wiederk\u00e4uergerechte F\u00fctterung der Milchk\u00fche.Wertvolle Inhaltsstoffe f\u00fcr die Gesundheit der Verbraucher.\u00a0Zur hohen Qualit\u00e4t der sternenfair-Milch tragen viele Faktoren bei.Dazu geh\u00f6ren unter anderem:\u00dcber 60 % Gr\u00fcnfutteranteil &hellip; <a href=\"https:\/\/milchcafe-radermacher.de\/?page_id=162\">Weiterlesen<\/a><\/p>\n","protected":false},"author":2,"featured_media":0,"parent":0,"menu_order":0,"comment_status":"closed","ping_status":"closed","template":"","meta":{"footnotes":""},"class_list":["post-162","page","type-page","status-publish","hentry"],"_links":{"self":[{"href":"https:\/\/milchcafe-radermacher.de\/index.php?rest_route=\/wp\/v2\/pages\/162","targetHints":{"allow":["GET"]}}],"collection":[{"href":"https:\/\/milchcafe-radermacher.de\/index.php?rest_route=\/wp\/v2\/pages"}],"about":[{"href":"https:\/\/milchcafe-radermacher.de\/index.php?rest_route=\/wp\/v2\/types\/page"}],"author":[{"embeddable":true,"href":"https:\/\/milchcafe-radermacher.de\/index.php?rest_route=\/wp\/v2\/users\/2"}],"replies":[{"embeddable":true,"href":"https:\/\/milchcafe-radermacher.de\/index.php?rest_route=%2Fwp%2Fv2%2Fcomments&post=162"}],"version-history":[{"count":14,"href":"https:\/\/milchcafe-radermacher.de\/index.php?rest_route=\/wp\/v2\/pages\/162\/revisions"}],"predecessor-version":[{"id":279,"href":"https:\/\/milchcafe-radermacher.de\/index.php?rest_route=\/wp\/v2\/pages\/162\/revisions\/279"}],"wp:attachment":[{"href":"https:\/\/milchcafe-radermacher.de\/index.php?rest_route=%2Fwp%2Fv2%2Fmedia&parent=162"}],"curies":[{"name":"wp","href":"https:\/\/api.w.org\/{rel}","templated":true}]}}