{"id":118,"date":"2016-08-26T18:24:23","date_gmt":"2016-08-26T18:24:23","guid":{"rendered":"https:\/\/milchcafe-radermacher.de\/?page_id=118"},"modified":"2016-09-19T16:30:03","modified_gmt":"2016-09-19T16:30:03","slug":"uber-uns","status":"publish","type":"page","link":"https:\/\/milchcafe-radermacher.de\/?page_id=118","title":{"rendered":"\u00dcber uns"},"content":{"rendered":"<div id=\"pl-118\"  class=\"panel-layout\" ><div id=\"pg-118-0\"  class=\"panel-grid panel-has-style\" ><div class=\"siteorigin-panels-stretch kt-panel-row-stretch panel-widget-style panel-row-style panel-row-style-for-118-0\" style=\"visibility: hidden;\" data-stretch-type=\"full\" ><div id=\"pgc-118-0-0\"  class=\"panel-grid-cell\" ><div id=\"panel-118-0-0-0\" class=\"so-panel widget widget_black-studio-tinymce widget_black_studio_tinymce panel-first-child panel-last-child\" data-index=\"0\" ><div class=\"textwidget\"><h4 style=\"text-align: right;\"><span style=\"color: #339966;\">Wir freuen uns sehr \u00fcber Ihren Besuch<\/span><\/h4>\n<h4 style=\"text-align: right;\"><span style=\"color: #339966;\">auf unserer Website<\/span><\/h4>\n<p style=\"text-align: right;\">\u00a0<\/p>\n<p>Wir, dass sind Frank &amp; Marilu Radermacher<\/p>\n<p>mit unseren 3 Kindern ( Leona, Lias &amp; Louisa),<\/p>\n<p>bewirtschaften den Betrieb in 7. Generation seit 16 Jahren.<\/p>\n<p>\u00a0<\/p>\n<\/div><\/div><\/div><\/div><\/div><div id=\"pg-118-1\"  class=\"panel-grid panel-has-style\" ><div class=\"siteorigin-panels-stretch kt-panel-row-parallax-stellar kt-panel-row-stretch panel-widget-style panel-row-style panel-row-style-for-118-1\" style=\"background-image: url(https:\/\/milchcafe-radermacher.de\/wp-content\/uploads\/2016\/08\/Rademacher_Landwirtschaft.jpg);background-position: center top;visibility: hidden;\" data-stretch-type=\"full\" data-stellar-background-ratio=\"0.5\" ><div id=\"pgc-118-1-0\"  class=\"panel-grid-cell panel-grid-cell-empty\" ><\/div><div id=\"pgc-118-1-1\"  class=\"panel-grid-cell\" ><div id=\"panel-118-1-1-0\" class=\"so-panel widget widget_black-studio-tinymce widget_black_studio_tinymce panel-first-child\" data-index=\"1\" ><div class=\"textwidget\"><h4 style=\"text-align: left;\"><span style=\"color: #ffffff;\">Hier finden Sie einen kurzen \u00fcberblick<\/span><\/h4>\n<h4 style=\"text-align: left;\"><span style=\"color: #ffffff;\">\u00fcber unseren landwirtschaftlichen Betrieb:<\/span><\/h4>\n<\/div><\/div><div id=\"panel-118-1-1-1\" class=\"so-panel widget widget_black-studio-tinymce widget_black_studio_tinymce panel-last-child\" data-index=\"2\" ><div class=\"textwidget\"><ul>\n<li>\n<h5><span style=\"color: #ccffcc;\">Wir haben ca. 155 K\u00fche und Nachzucht<\/span><\/h5>\n<\/li>\n<li>\n<h5><span style=\"color: #ccffcc;\">Wir f\u00fcttern \u00fcberwiegend Gras<\/span><\/h5>\n<\/li>\n<li>\n<h5><span style=\"color: #ccffcc;\">Wir werden von unabh\u00e4ngiger Stelle kontrolliert<\/span><\/h5>\n<\/li>\n<li>\n<h5><span style=\"color: #ccffcc;\">Wir f\u00fcttern Gentechnik frei<\/span><\/h5>\n<\/li>\n<li>\n<h5><span style=\"color: #ccffcc;\">Wir beziehen keine Futtermittel aus \u00dcbersee<\/span><\/h5>\n<\/li>\n<li>\n<h5><span style=\"color: #ccffcc;\">Wir melken mit einem automatischen Melksystem<\/span><\/h5>\n<\/li>\n<li>\n<h5><span style=\"color: #ccffcc;\">Wir haben derzeit einen Auszubildenen auf unserem Betrieb<\/span><\/h5>\n<\/li>\n<li>\n<h5><span style=\"color: #ccffcc;\">Wir erzeugen mit unserer Photovoltaikanlage mehr Strom als wir ben\u00f6tigen, sodass wir zus\u00e4tzlich noch 8 weitere Familienhaushalte versorgen k\u00f6nnen.<\/span><\/h5>\n<\/li>\n<\/ul>\n<\/div><\/div><\/div><\/div><\/div><div id=\"pg-118-2\"  class=\"panel-grid panel-has-style\" ><div class=\"siteorigin-panels-stretch kt-panel-row-stretch panel-widget-style panel-row-style panel-row-style-for-118-2\" style=\"visibility: hidden;\" data-stretch-type=\"full\" ><div id=\"pgc-118-2-0\"  class=\"panel-grid-cell\" ><div id=\"panel-118-2-0-0\" class=\"so-panel widget widget_black-studio-tinymce widget_black_studio_tinymce panel-first-child panel-last-child\" data-index=\"3\" ><div class=\"textwidget\"><div id=\"pg-8-1\" class=\"panel-grid\">\n<div class=\"panel-row-style\">\n<div id=\"pgc-8-1-0\" class=\"panel-grid-cell\">\n<div id=\"panel-8-1-0-0\" class=\"so-panel widget widget_black-studio-tinymce widget_black_studio_tinymce panel-first-child panel-last-child\" data-index=\"3\">\n<div class=\"textwidget\">\n<h1 style=\"text-align: center;\"><span style=\"color: #808080;\">Unsere Milch wird nach<\/span><br \/><span style=\"color: #808080;\"> Sternenfair Kriterien produziert<\/span><\/h1>\n<p>\u00a0<\/p>\n<p style=\"text-align: center;\"><img loading=\"lazy\" decoding=\"async\" class=\"aligncenter size-medium wp-image-64\" src=\"https:\/\/milchcafe-radermacher.de\/wp-content\/uploads\/2016\/08\/sternenfair-logo-300x184.png\" alt=\"sternenfair-logo\" width=\"300\" height=\"184\" srcset=\"https:\/\/milchcafe-radermacher.de\/wp-content\/uploads\/2016\/08\/sternenfair-logo-300x184.png 300w, https:\/\/milchcafe-radermacher.de\/wp-content\/uploads\/2016\/08\/sternenfair-logo.png 724w\" sizes=\"auto, (max-width: 300px) 100vw, 300px\" \/><\/p>\n<h5 style=\"text-align: center;\"><a href=\"https:\/\/milchcafe-radermacher.de\/sternenfair\/\"><span style=\"color: #808080;\">...erfahren Sie mehr...<\/span><\/a><\/h5>\n<\/div>\n<\/div>\n<\/div>\n<\/div>\n<\/div>\n<\/div><\/div><\/div><\/div><\/div><div id=\"pg-118-3\"  class=\"panel-grid panel-has-style\" ><div class=\"siteorigin-panels-stretch kt-panel-row-parallax-stellar kt-panel-row-stretch panel-widget-style panel-row-style panel-row-style-for-118-3\" style=\"background-image: url(https:\/\/milchcafe-radermacher.de\/wp-content\/uploads\/2016\/08\/Radermacher_Tortenmanufaktur.png);background-position: center top;visibility: hidden;\" data-stretch-type=\"full\" data-stellar-background-ratio=\"0.5\" ><div id=\"pgc-118-3-0\"  class=\"panel-grid-cell\" ><div id=\"panel-118-3-0-0\" class=\"so-panel widget widget_black-studio-tinymce widget_black_studio_tinymce panel-first-child panel-last-child\" data-index=\"4\" ><div class=\"textwidget\"><h5 style=\"text-align: center;\"><\/h5>\n<h4 style=\"text-align: center;\"><span style=\"font-size: 65px; color: #ff8562;\"><span class=\"mobil\">Radermacher Tortenmanufaktur<\/span><\/h4>\n<\/div><\/div><\/div><\/div><\/div><div id=\"pg-118-4\"  class=\"panel-grid panel-has-style\" ><div class=\"siteorigin-panels-stretch kt-panel-row-stretch panel-widget-style panel-row-style panel-row-style-for-118-4\" style=\"visibility: hidden;\" data-stretch-type=\"full\" ><div id=\"pgc-118-4-0\"  class=\"panel-grid-cell\" ><div id=\"panel-118-4-0-0\" class=\"so-panel widget widget_black-studio-tinymce widget_black_studio_tinymce panel-first-child panel-last-child\" data-index=\"5\" ><div class=\"textwidget\"><p style=\"text-align: center;\"><strong>Zus\u00e4tzlich zu unserem Milchviehbetrieb f\u00fchren wir eine Backstube namens<\/strong><\/p>\n<h4 style=\"text-align: center;\"><strong><span style=\"color: #ff8562;\">Torten Manufaktur Aachen<\/span><br \/><\/strong><\/h4>\n<p style=\"text-align: center;\"><strong>Hier bieten wir Ihnen Torten &amp; Geb\u00e4ck zu jedem Anlass ( auf Bestellung ) an.<\/strong><\/p>\n<p style=\"text-align: center;\">\u00a0<\/p>\n<p style=\"text-align: center;\">F\u00fcr weitere informationen besuchen Sie unsere Website:<\/p>\n<h5 style=\"text-align: center;\">\u00a0<a href=\"http:\/\/www.tortenmanufaktur-aachen.de\"><span style=\"color: #ff8562;\">www.tortenmanufaktur-aachen.de<\/span><\/a><\/h5>\n<p>\u00a0<\/p>\n<\/div><\/div><\/div><\/div><\/div><div id=\"pg-118-5\"  class=\"panel-grid panel-has-style\" ><div class=\"siteorigin-panels-stretch kt-panel-row-stretch panel-widget-style panel-row-style panel-row-style-for-118-5\" style=\"visibility: hidden;\" data-stretch-type=\"full\" ><div id=\"pgc-118-5-0\"  class=\"panel-grid-cell\" ><div id=\"panel-118-5-0-0\" class=\"so-panel widget widget_black-studio-tinymce widget_black_studio_tinymce panel-first-child panel-last-child\" data-index=\"6\" ><div class=\"textwidget\"><p style=\"text-align: center;\">\t\t\t<i class=\"kt-icon-shop \" style=\"font-size:75px; display=inline-block; color:#ffeadb; \t\t\t\"><\/i>\n\t\n<p style=\"text-align: center;\">\u00a0<\/p>\n<h5 style=\"text-align: center;\"><span style=\"color: #ffffff;\">Am Wochenende k\u00f6nnen Sie eine kleine Auswahl an Geb\u00e4ck<\/span><\/h5>\n<h5 style=\"text-align: center;\"><span style=\"color: #ffffff;\">auch in unserem Milchcaf\u00e9 erwerben.<\/span><\/h5>\n<h5 style=\"text-align: center;\">\u00a0<\/h5>\n<h5 style=\"text-align: center;\"><a href=\"https:\/\/milchcafe-radermacher.de\/247-milchautomat\/\"><span style=\"color: #808080;\">...erfahren Sie mehr...<\/span><\/a><\/h5>\n<\/div><\/div><\/div><\/div><\/div><\/div>","protected":false},"excerpt":{"rendered":"<p>Wir freuen uns sehr \u00fcber Ihren Besuchauf unserer Website\u00a0Wir, dass sind Frank &amp; Marilu Radermachermit unseren 3 Kindern ( Leona, Lias &amp; Louisa),bewirtschaften den Betrieb in 7. Generation seit 16 Jahren.\u00a0 Hier finden Sie einen kurzen \u00fcberblick\u00fcber unseren landwirtschaftlichen Betrieb:<\/p>\n","protected":false},"author":2,"featured_media":0,"parent":0,"menu_order":0,"comment_status":"closed","ping_status":"closed","template":"template-pagebuilder.php","meta":{"footnotes":""},"class_list":["post-118","page","type-page","status-publish","hentry"],"_links":{"self":[{"href":"https:\/\/milchcafe-radermacher.de\/index.php?rest_route=\/wp\/v2\/pages\/118","targetHints":{"allow":["GET"]}}],"collection":[{"href":"https:\/\/milchcafe-radermacher.de\/index.php?rest_route=\/wp\/v2\/pages"}],"about":[{"href":"https:\/\/milchcafe-radermacher.de\/index.php?rest_route=\/wp\/v2\/types\/page"}],"author":[{"embeddable":true,"href":"https:\/\/milchcafe-radermacher.de\/index.php?rest_route=\/wp\/v2\/users\/2"}],"replies":[{"embeddable":true,"href":"https:\/\/milchcafe-radermacher.de\/index.php?rest_route=%2Fwp%2Fv2%2Fcomments&post=118"}],"version-history":[{"count":48,"href":"https:\/\/milchcafe-radermacher.de\/index.php?rest_route=\/wp\/v2\/pages\/118\/revisions"}],"predecessor-version":[{"id":283,"href":"https:\/\/milchcafe-radermacher.de\/index.php?rest_route=\/wp\/v2\/pages\/118\/revisions\/283"}],"wp:attachment":[{"href":"https:\/\/milchcafe-radermacher.de\/index.php?rest_route=%2Fwp%2Fv2%2Fmedia&parent=118"}],"curies":[{"name":"wp","href":"https:\/\/api.w.org\/{rel}","templated":true}]}}